{"id":1149,"date":"2018-08-26T13:24:33","date_gmt":"2018-08-26T11:24:33","guid":{"rendered":"http:\/\/www.bollnasbatklubb.se\/?page_id=1149"},"modified":"2018-08-26T13:24:33","modified_gmt":"2018-08-26T11:24:33","slug":"oversvamningen-varen-2018","status":"publish","type":"page","link":"https:\/\/www.bollnasbatklubb.se\/?page_id=1149","title":{"rendered":"\u00d6versv\u00e4mningen v\u00e5ren 2018"},"content":{"rendered":"<p><a href=\"http:\/\/www.bollnasbatklubb.se\/wp-content\/uploads\/2018\/08\/IMG_20180505_104312.jpg\"><img loading=\"lazy\" decoding=\"async\" class=\"alignnone size-large wp-image-1150\" src=\"http:\/\/www.bollnasbatklubb.se\/wp-content\/uploads\/2018\/08\/IMG_20180505_104312-1024x768.jpg\" alt=\"\" width=\"640\" height=\"480\" srcset=\"https:\/\/www.bollnasbatklubb.se\/wp-content\/uploads\/2018\/08\/IMG_20180505_104312-1024x768.jpg 1024w, https:\/\/www.bollnasbatklubb.se\/wp-content\/uploads\/2018\/08\/IMG_20180505_104312-300x225.jpg 300w, https:\/\/www.bollnasbatklubb.se\/wp-content\/uploads\/2018\/08\/IMG_20180505_104312-768x576.jpg 768w, https:\/\/www.bollnasbatklubb.se\/wp-content\/uploads\/2018\/08\/IMG_20180505_104312-900x675.jpg 900w, https:\/\/www.bollnasbatklubb.se\/wp-content\/uploads\/2018\/08\/IMG_20180505_104312-1280x960.jpg 1280w\" sizes=\"auto, (max-width: 640px) 100vw, 640px\" \/><\/a> <a href=\"http:\/\/www.bollnasbatklubb.se\/wp-content\/uploads\/2018\/08\/IMG_20180505_104936.jpg\"><img loading=\"lazy\" decoding=\"async\" class=\"alignnone size-large wp-image-1151\" src=\"http:\/\/www.bollnasbatklubb.se\/wp-content\/uploads\/2018\/08\/IMG_20180505_104936-1024x768.jpg\" alt=\"\" width=\"640\" height=\"480\" srcset=\"https:\/\/www.bollnasbatklubb.se\/wp-content\/uploads\/2018\/08\/IMG_20180505_104936-1024x768.jpg 1024w, https:\/\/www.bollnasbatklubb.se\/wp-content\/uploads\/2018\/08\/IMG_20180505_104936-300x225.jpg 300w, https:\/\/www.bollnasbatklubb.se\/wp-content\/uploads\/2018\/08\/IMG_20180505_104936-768x576.jpg 768w, https:\/\/www.bollnasbatklubb.se\/wp-content\/uploads\/2018\/08\/IMG_20180505_104936-900x675.jpg 900w, https:\/\/www.bollnasbatklubb.se\/wp-content\/uploads\/2018\/08\/IMG_20180505_104936-1280x960.jpg 1280w\" sizes=\"auto, (max-width: 640px) 100vw, 640px\" \/><\/a> <a href=\"http:\/\/www.bollnasbatklubb.se\/wp-content\/uploads\/2018\/08\/IMG_20180505_105034.jpg\"><img loading=\"lazy\" decoding=\"async\" class=\"alignnone size-large wp-image-1152\" src=\"http:\/\/www.bollnasbatklubb.se\/wp-content\/uploads\/2018\/08\/IMG_20180505_105034-1024x768.jpg\" alt=\"\" width=\"640\" height=\"480\" srcset=\"https:\/\/www.bollnasbatklubb.se\/wp-content\/uploads\/2018\/08\/IMG_20180505_105034-1024x768.jpg 1024w, https:\/\/www.bollnasbatklubb.se\/wp-content\/uploads\/2018\/08\/IMG_20180505_105034-300x225.jpg 300w, https:\/\/www.bollnasbatklubb.se\/wp-content\/uploads\/2018\/08\/IMG_20180505_105034-768x576.jpg 768w, https:\/\/www.bollnasbatklubb.se\/wp-content\/uploads\/2018\/08\/IMG_20180505_105034-900x675.jpg 900w, https:\/\/www.bollnasbatklubb.se\/wp-content\/uploads\/2018\/08\/IMG_20180505_105034-1280x960.jpg 1280w\" sizes=\"auto, (max-width: 640px) 100vw, 640px\" \/><\/a> <a href=\"http:\/\/www.bollnasbatklubb.se\/wp-content\/uploads\/2018\/08\/IMG_20180505_105104.jpg\"><img loading=\"lazy\" decoding=\"async\" class=\"alignnone size-large wp-image-1153\" src=\"http:\/\/www.bollnasbatklubb.se\/wp-content\/uploads\/2018\/08\/IMG_20180505_105104-1024x768.jpg\" alt=\"\" width=\"640\" height=\"480\" srcset=\"https:\/\/www.bollnasbatklubb.se\/wp-content\/uploads\/2018\/08\/IMG_20180505_105104-1024x768.jpg 1024w, https:\/\/www.bollnasbatklubb.se\/wp-content\/uploads\/2018\/08\/IMG_20180505_105104-300x225.jpg 300w, https:\/\/www.bollnasbatklubb.se\/wp-content\/uploads\/2018\/08\/IMG_20180505_105104-768x576.jpg 768w, https:\/\/www.bollnasbatklubb.se\/wp-content\/uploads\/2018\/08\/IMG_20180505_105104-900x675.jpg 900w, https:\/\/www.bollnasbatklubb.se\/wp-content\/uploads\/2018\/08\/IMG_20180505_105104-1280x960.jpg 1280w\" sizes=\"auto, (max-width: 640px) 100vw, 640px\" \/><\/a> <a href=\"http:\/\/www.bollnasbatklubb.se\/wp-content\/uploads\/2018\/08\/IMG_20180505_105235.jpg\"><img loading=\"lazy\" decoding=\"async\" class=\"alignnone size-large wp-image-1154\" src=\"http:\/\/www.bollnasbatklubb.se\/wp-content\/uploads\/2018\/08\/IMG_20180505_105235-1024x768.jpg\" alt=\"\" width=\"640\" height=\"480\" srcset=\"https:\/\/www.bollnasbatklubb.se\/wp-content\/uploads\/2018\/08\/IMG_20180505_105235-1024x768.jpg 1024w, https:\/\/www.bollnasbatklubb.se\/wp-content\/uploads\/2018\/08\/IMG_20180505_105235-300x225.jpg 300w, https:\/\/www.bollnasbatklubb.se\/wp-content\/uploads\/2018\/08\/IMG_20180505_105235-768x576.jpg 768w, https:\/\/www.bollnasbatklubb.se\/wp-content\/uploads\/2018\/08\/IMG_20180505_105235-900x675.jpg 900w, https:\/\/www.bollnasbatklubb.se\/wp-content\/uploads\/2018\/08\/IMG_20180505_105235-1280x960.jpg 1280w\" sizes=\"auto, (max-width: 640px) 100vw, 640px\" \/><\/a> <a href=\"http:\/\/www.bollnasbatklubb.se\/wp-content\/uploads\/2018\/08\/IMG_20180505_105245.jpg\"><img loading=\"lazy\" decoding=\"async\" class=\"alignnone size-large wp-image-1155\" src=\"http:\/\/www.bollnasbatklubb.se\/wp-content\/uploads\/2018\/08\/IMG_20180505_105245-1024x768.jpg\" alt=\"\" width=\"640\" height=\"480\" srcset=\"https:\/\/www.bollnasbatklubb.se\/wp-content\/uploads\/2018\/08\/IMG_20180505_105245-1024x768.jpg 1024w, https:\/\/www.bollnasbatklubb.se\/wp-content\/uploads\/2018\/08\/IMG_20180505_105245-300x225.jpg 300w, https:\/\/www.bollnasbatklubb.se\/wp-content\/uploads\/2018\/08\/IMG_20180505_105245-768x576.jpg 768w, https:\/\/www.bollnasbatklubb.se\/wp-content\/uploads\/2018\/08\/IMG_20180505_105245-900x675.jpg 900w, https:\/\/www.bollnasbatklubb.se\/wp-content\/uploads\/2018\/08\/IMG_20180505_105245-1280x960.jpg 1280w\" sizes=\"auto, (max-width: 640px) 100vw, 640px\" \/><\/a> <a href=\"http:\/\/www.bollnasbatklubb.se\/wp-content\/uploads\/2018\/08\/IMG_20180505_105328.jpg\"><img loading=\"lazy\" decoding=\"async\" class=\"alignnone size-large wp-image-1156\" src=\"http:\/\/www.bollnasbatklubb.se\/wp-content\/uploads\/2018\/08\/IMG_20180505_105328-768x1024.jpg\" alt=\"\" width=\"640\" height=\"853\" srcset=\"https:\/\/www.bollnasbatklubb.se\/wp-content\/uploads\/2018\/08\/IMG_20180505_105328-768x1024.jpg 768w, https:\/\/www.bollnasbatklubb.se\/wp-content\/uploads\/2018\/08\/IMG_20180505_105328-225x300.jpg 225w, https:\/\/www.bollnasbatklubb.se\/wp-content\/uploads\/2018\/08\/IMG_20180505_105328-900x1200.jpg 900w, https:\/\/www.bollnasbatklubb.se\/wp-content\/uploads\/2018\/08\/IMG_20180505_105328-1280x1707.jpg 1280w\" sizes=\"auto, (max-width: 640px) 100vw, 640px\" \/><\/a> <a href=\"http:\/\/www.bollnasbatklubb.se\/wp-content\/uploads\/2018\/08\/IMG_20180505_105345.jpg\"><img loading=\"lazy\" decoding=\"async\" class=\"alignnone size-large wp-image-1157\" src=\"http:\/\/www.bollnasbatklubb.se\/wp-content\/uploads\/2018\/08\/IMG_20180505_105345-1024x768.jpg\" alt=\"\" width=\"640\" height=\"480\" srcset=\"https:\/\/www.bollnasbatklubb.se\/wp-content\/uploads\/2018\/08\/IMG_20180505_105345-1024x768.jpg 1024w, https:\/\/www.bollnasbatklubb.se\/wp-content\/uploads\/2018\/08\/IMG_20180505_105345-300x225.jpg 300w, https:\/\/www.bollnasbatklubb.se\/wp-content\/uploads\/2018\/08\/IMG_20180505_105345-768x576.jpg 768w, https:\/\/www.bollnasbatklubb.se\/wp-content\/uploads\/2018\/08\/IMG_20180505_105345-900x675.jpg 900w, https:\/\/www.bollnasbatklubb.se\/wp-content\/uploads\/2018\/08\/IMG_20180505_105345-1280x960.jpg 1280w\" sizes=\"auto, (max-width: 640px) 100vw, 640px\" \/><\/a> <a href=\"http:\/\/www.bollnasbatklubb.se\/wp-content\/uploads\/2018\/08\/IMG_20180505_171713.jpg\"><img loading=\"lazy\" decoding=\"async\" class=\"alignnone size-large wp-image-1158\" src=\"http:\/\/www.bollnasbatklubb.se\/wp-content\/uploads\/2018\/08\/IMG_20180505_171713-1024x768.jpg\" alt=\"\" width=\"640\" height=\"480\" srcset=\"https:\/\/www.bollnasbatklubb.se\/wp-content\/uploads\/2018\/08\/IMG_20180505_171713-1024x768.jpg 1024w, https:\/\/www.bollnasbatklubb.se\/wp-content\/uploads\/2018\/08\/IMG_20180505_171713-300x225.jpg 300w, https:\/\/www.bollnasbatklubb.se\/wp-content\/uploads\/2018\/08\/IMG_20180505_171713-768x576.jpg 768w, https:\/\/www.bollnasbatklubb.se\/wp-content\/uploads\/2018\/08\/IMG_20180505_171713-900x675.jpg 900w, https:\/\/www.bollnasbatklubb.se\/wp-content\/uploads\/2018\/08\/IMG_20180505_171713-1280x960.jpg 1280w\" sizes=\"auto, (max-width: 640px) 100vw, 640px\" \/><\/a> <a href=\"http:\/\/www.bollnasbatklubb.se\/wp-content\/uploads\/2018\/08\/IMG_20180505_171739.jpg\"><img loading=\"lazy\" decoding=\"async\" class=\"alignnone size-large wp-image-1160\" src=\"http:\/\/www.bollnasbatklubb.se\/wp-content\/uploads\/2018\/08\/IMG_20180505_171739-1024x768.jpg\" alt=\"\" width=\"640\" height=\"480\" srcset=\"https:\/\/www.bollnasbatklubb.se\/wp-content\/uploads\/2018\/08\/IMG_20180505_171739-1024x768.jpg 1024w, https:\/\/www.bollnasbatklubb.se\/wp-content\/uploads\/2018\/08\/IMG_20180505_171739-300x225.jpg 300w, https:\/\/www.bollnasbatklubb.se\/wp-content\/uploads\/2018\/08\/IMG_20180505_171739-768x576.jpg 768w, https:\/\/www.bollnasbatklubb.se\/wp-content\/uploads\/2018\/08\/IMG_20180505_171739-900x675.jpg 900w, https:\/\/www.bollnasbatklubb.se\/wp-content\/uploads\/2018\/08\/IMG_20180505_171739-1280x960.jpg 1280w\" sizes=\"auto, (max-width: 640px) 100vw, 640px\" \/><\/a> <a href=\"http:\/\/www.bollnasbatklubb.se\/wp-content\/uploads\/2018\/08\/IMG_20180505_171757.jpg\"><img loading=\"lazy\" decoding=\"async\" class=\"alignnone size-large wp-image-1161\" src=\"http:\/\/www.bollnasbatklubb.se\/wp-content\/uploads\/2018\/08\/IMG_20180505_171757-1024x768.jpg\" alt=\"\" width=\"640\" height=\"480\" srcset=\"https:\/\/www.bollnasbatklubb.se\/wp-content\/uploads\/2018\/08\/IMG_20180505_171757-1024x768.jpg 1024w, https:\/\/www.bollnasbatklubb.se\/wp-content\/uploads\/2018\/08\/IMG_20180505_171757-300x225.jpg 300w, https:\/\/www.bollnasbatklubb.se\/wp-content\/uploads\/2018\/08\/IMG_20180505_171757-768x576.jpg 768w, https:\/\/www.bollnasbatklubb.se\/wp-content\/uploads\/2018\/08\/IMG_20180505_171757-900x675.jpg 900w, https:\/\/www.bollnasbatklubb.se\/wp-content\/uploads\/2018\/08\/IMG_20180505_171757-1280x960.jpg 1280w\" sizes=\"auto, (max-width: 640px) 100vw, 640px\" \/><\/a> <a href=\"http:\/\/www.bollnasbatklubb.se\/wp-content\/uploads\/2018\/08\/IMG_20180505_171830.jpg\"><img loading=\"lazy\" decoding=\"async\" class=\"alignnone size-large wp-image-1162\" src=\"http:\/\/www.bollnasbatklubb.se\/wp-content\/uploads\/2018\/08\/IMG_20180505_171830-1024x768.jpg\" alt=\"\" width=\"640\" height=\"480\" srcset=\"https:\/\/www.bollnasbatklubb.se\/wp-content\/uploads\/2018\/08\/IMG_20180505_171830-1024x768.jpg 1024w, https:\/\/www.bollnasbatklubb.se\/wp-content\/uploads\/2018\/08\/IMG_20180505_171830-300x225.jpg 300w, https:\/\/www.bollnasbatklubb.se\/wp-content\/uploads\/2018\/08\/IMG_20180505_171830-768x576.jpg 768w, https:\/\/www.bollnasbatklubb.se\/wp-content\/uploads\/2018\/08\/IMG_20180505_171830-900x675.jpg 900w, https:\/\/www.bollnasbatklubb.se\/wp-content\/uploads\/2018\/08\/IMG_20180505_171830-1280x960.jpg 1280w\" sizes=\"auto, (max-width: 640px) 100vw, 640px\" \/><\/a> <a href=\"http:\/\/www.bollnasbatklubb.se\/wp-content\/uploads\/2018\/08\/IMG_20180505_171859.jpg\"><img loading=\"lazy\" decoding=\"async\" class=\"alignnone size-large wp-image-1163\" src=\"http:\/\/www.bollnasbatklubb.se\/wp-content\/uploads\/2018\/08\/IMG_20180505_171859-1024x768.jpg\" alt=\"\" width=\"640\" height=\"480\" srcset=\"https:\/\/www.bollnasbatklubb.se\/wp-content\/uploads\/2018\/08\/IMG_20180505_171859-1024x768.jpg 1024w, https:\/\/www.bollnasbatklubb.se\/wp-content\/uploads\/2018\/08\/IMG_20180505_171859-300x225.jpg 300w, https:\/\/www.bollnasbatklubb.se\/wp-content\/uploads\/2018\/08\/IMG_20180505_171859-768x576.jpg 768w, https:\/\/www.bollnasbatklubb.se\/wp-content\/uploads\/2018\/08\/IMG_20180505_171859-900x675.jpg 900w, https:\/\/www.bollnasbatklubb.se\/wp-content\/uploads\/2018\/08\/IMG_20180505_171859-1280x960.jpg 1280w\" sizes=\"auto, (max-width: 640px) 100vw, 640px\" \/><\/a> <a href=\"http:\/\/www.bollnasbatklubb.se\/wp-content\/uploads\/2018\/08\/IMG_20180507_183957.jpg\"><img loading=\"lazy\" decoding=\"async\" class=\"alignnone size-large wp-image-1164\" src=\"http:\/\/www.bollnasbatklubb.se\/wp-content\/uploads\/2018\/08\/IMG_20180507_183957-1024x768.jpg\" alt=\"\" width=\"640\" height=\"480\" srcset=\"https:\/\/www.bollnasbatklubb.se\/wp-content\/uploads\/2018\/08\/IMG_20180507_183957-1024x768.jpg 1024w, https:\/\/www.bollnasbatklubb.se\/wp-content\/uploads\/2018\/08\/IMG_20180507_183957-300x225.jpg 300w, https:\/\/www.bollnasbatklubb.se\/wp-content\/uploads\/2018\/08\/IMG_20180507_183957-768x576.jpg 768w, https:\/\/www.bollnasbatklubb.se\/wp-content\/uploads\/2018\/08\/IMG_20180507_183957-900x675.jpg 900w, https:\/\/www.bollnasbatklubb.se\/wp-content\/uploads\/2018\/08\/IMG_20180507_183957-1280x960.jpg 1280w\" sizes=\"auto, (max-width: 640px) 100vw, 640px\" \/><\/a> <a href=\"http:\/\/www.bollnasbatklubb.se\/wp-content\/uploads\/2018\/08\/IMG_20180507_184035.jpg\"><img loading=\"lazy\" decoding=\"async\" class=\"alignnone size-large wp-image-1165\" src=\"http:\/\/www.bollnasbatklubb.se\/wp-content\/uploads\/2018\/08\/IMG_20180507_184035-1024x768.jpg\" alt=\"\" width=\"640\" height=\"480\" srcset=\"https:\/\/www.bollnasbatklubb.se\/wp-content\/uploads\/2018\/08\/IMG_20180507_184035-1024x768.jpg 1024w, https:\/\/www.bollnasbatklubb.se\/wp-content\/uploads\/2018\/08\/IMG_20180507_184035-300x225.jpg 300w, https:\/\/www.bollnasbatklubb.se\/wp-content\/uploads\/2018\/08\/IMG_20180507_184035-768x576.jpg 768w, https:\/\/www.bollnasbatklubb.se\/wp-content\/uploads\/2018\/08\/IMG_20180507_184035-900x675.jpg 900w, https:\/\/www.bollnasbatklubb.se\/wp-content\/uploads\/2018\/08\/IMG_20180507_184035-1280x960.jpg 1280w\" sizes=\"auto, (max-width: 640px) 100vw, 640px\" \/><\/a> <a href=\"http:\/\/www.bollnasbatklubb.se\/wp-content\/uploads\/2018\/08\/IMG_20180507_184041.jpg\"><img loading=\"lazy\" decoding=\"async\" class=\"alignnone size-large wp-image-1166\" src=\"http:\/\/www.bollnasbatklubb.se\/wp-content\/uploads\/2018\/08\/IMG_20180507_184041-1024x768.jpg\" alt=\"\" width=\"640\" height=\"480\" srcset=\"https:\/\/www.bollnasbatklubb.se\/wp-content\/uploads\/2018\/08\/IMG_20180507_184041-1024x768.jpg 1024w, https:\/\/www.bollnasbatklubb.se\/wp-content\/uploads\/2018\/08\/IMG_20180507_184041-300x225.jpg 300w, https:\/\/www.bollnasbatklubb.se\/wp-content\/uploads\/2018\/08\/IMG_20180507_184041-768x576.jpg 768w, https:\/\/www.bollnasbatklubb.se\/wp-content\/uploads\/2018\/08\/IMG_20180507_184041-900x675.jpg 900w, https:\/\/www.bollnasbatklubb.se\/wp-content\/uploads\/2018\/08\/IMG_20180507_184041-1280x960.jpg 1280w\" sizes=\"auto, (max-width: 640px) 100vw, 640px\" \/><\/a> <a href=\"http:\/\/www.bollnasbatklubb.se\/wp-content\/uploads\/2018\/08\/IMG_20180507_184136.jpg\"><img loading=\"lazy\" decoding=\"async\" class=\"alignnone size-large wp-image-1167\" src=\"http:\/\/www.bollnasbatklubb.se\/wp-content\/uploads\/2018\/08\/IMG_20180507_184136-1024x768.jpg\" alt=\"\" width=\"640\" height=\"480\" srcset=\"https:\/\/www.bollnasbatklubb.se\/wp-content\/uploads\/2018\/08\/IMG_20180507_184136-1024x768.jpg 1024w, https:\/\/www.bollnasbatklubb.se\/wp-content\/uploads\/2018\/08\/IMG_20180507_184136-300x225.jpg 300w, https:\/\/www.bollnasbatklubb.se\/wp-content\/uploads\/2018\/08\/IMG_20180507_184136-768x576.jpg 768w, https:\/\/www.bollnasbatklubb.se\/wp-content\/uploads\/2018\/08\/IMG_20180507_184136-900x675.jpg 900w, https:\/\/www.bollnasbatklubb.se\/wp-content\/uploads\/2018\/08\/IMG_20180507_184136-1280x960.jpg 1280w\" sizes=\"auto, (max-width: 640px) 100vw, 640px\" \/><\/a> <a href=\"http:\/\/www.bollnasbatklubb.se\/wp-content\/uploads\/2018\/08\/IMG_20180508_091352.jpg\"><img loading=\"lazy\" decoding=\"async\" class=\"alignnone size-large wp-image-1168\" src=\"http:\/\/www.bollnasbatklubb.se\/wp-content\/uploads\/2018\/08\/IMG_20180508_091352-1024x768.jpg\" alt=\"\" width=\"640\" height=\"480\" srcset=\"https:\/\/www.bollnasbatklubb.se\/wp-content\/uploads\/2018\/08\/IMG_20180508_091352-1024x768.jpg 1024w, https:\/\/www.bollnasbatklubb.se\/wp-content\/uploads\/2018\/08\/IMG_20180508_091352-300x225.jpg 300w, https:\/\/www.bollnasbatklubb.se\/wp-content\/uploads\/2018\/08\/IMG_20180508_091352-768x576.jpg 768w, https:\/\/www.bollnasbatklubb.se\/wp-content\/uploads\/2018\/08\/IMG_20180508_091352-900x675.jpg 900w, https:\/\/www.bollnasbatklubb.se\/wp-content\/uploads\/2018\/08\/IMG_20180508_091352-1280x960.jpg 1280w\" sizes=\"auto, (max-width: 640px) 100vw, 640px\" \/><\/a> <a href=\"http:\/\/www.bollnasbatklubb.se\/wp-content\/uploads\/2018\/08\/IMG_20180508_091512.jpg\"><img loading=\"lazy\" decoding=\"async\" class=\"alignnone size-large wp-image-1169\" src=\"http:\/\/www.bollnasbatklubb.se\/wp-content\/uploads\/2018\/08\/IMG_20180508_091512-1024x768.jpg\" alt=\"\" width=\"640\" height=\"480\" srcset=\"https:\/\/www.bollnasbatklubb.se\/wp-content\/uploads\/2018\/08\/IMG_20180508_091512-1024x768.jpg 1024w, https:\/\/www.bollnasbatklubb.se\/wp-content\/uploads\/2018\/08\/IMG_20180508_091512-300x225.jpg 300w, https:\/\/www.bollnasbatklubb.se\/wp-content\/uploads\/2018\/08\/IMG_20180508_091512-768x576.jpg 768w, https:\/\/www.bollnasbatklubb.se\/wp-content\/uploads\/2018\/08\/IMG_20180508_091512-900x675.jpg 900w, https:\/\/www.bollnasbatklubb.se\/wp-content\/uploads\/2018\/08\/IMG_20180508_091512-1280x960.jpg 1280w\" sizes=\"auto, (max-width: 640px) 100vw, 640px\" \/><\/a> <a href=\"http:\/\/www.bollnasbatklubb.se\/wp-content\/uploads\/2018\/08\/IMG_20180508_091521.jpg\"><img loading=\"lazy\" decoding=\"async\" class=\"alignnone size-large wp-image-1170\" src=\"http:\/\/www.bollnasbatklubb.se\/wp-content\/uploads\/2018\/08\/IMG_20180508_091521-1024x768.jpg\" alt=\"\" width=\"640\" height=\"480\" srcset=\"https:\/\/www.bollnasbatklubb.se\/wp-content\/uploads\/2018\/08\/IMG_20180508_091521-1024x768.jpg 1024w, https:\/\/www.bollnasbatklubb.se\/wp-content\/uploads\/2018\/08\/IMG_20180508_091521-300x225.jpg 300w, https:\/\/www.bollnasbatklubb.se\/wp-content\/uploads\/2018\/08\/IMG_20180508_091521-768x576.jpg 768w, https:\/\/www.bollnasbatklubb.se\/wp-content\/uploads\/2018\/08\/IMG_20180508_091521-900x675.jpg 900w, https:\/\/www.bollnasbatklubb.se\/wp-content\/uploads\/2018\/08\/IMG_20180508_091521-1280x960.jpg 1280w\" sizes=\"auto, (max-width: 640px) 100vw, 640px\" \/><\/a> <a href=\"http:\/\/www.bollnasbatklubb.se\/wp-content\/uploads\/2018\/08\/IMG_20180508_092729.jpg\"><img loading=\"lazy\" decoding=\"async\" class=\"alignnone size-large wp-image-1171\" src=\"http:\/\/www.bollnasbatklubb.se\/wp-content\/uploads\/2018\/08\/IMG_20180508_092729-768x1024.jpg\" alt=\"\" width=\"640\" height=\"853\" srcset=\"https:\/\/www.bollnasbatklubb.se\/wp-content\/uploads\/2018\/08\/IMG_20180508_092729-768x1024.jpg 768w, https:\/\/www.bollnasbatklubb.se\/wp-content\/uploads\/2018\/08\/IMG_20180508_092729-225x300.jpg 225w, https:\/\/www.bollnasbatklubb.se\/wp-content\/uploads\/2018\/08\/IMG_20180508_092729-900x1200.jpg 900w, https:\/\/www.bollnasbatklubb.se\/wp-content\/uploads\/2018\/08\/IMG_20180508_092729-1280x1707.jpg 1280w\" sizes=\"auto, (max-width: 640px) 100vw, 640px\" \/><\/a> <a href=\"http:\/\/www.bollnasbatklubb.se\/wp-content\/uploads\/2018\/08\/IMG_20180511_131138.jpg\"><img loading=\"lazy\" decoding=\"async\" class=\"alignnone size-large wp-image-1172\" src=\"http:\/\/www.bollnasbatklubb.se\/wp-content\/uploads\/2018\/08\/IMG_20180511_131138-1024x768.jpg\" alt=\"\" width=\"640\" height=\"480\" srcset=\"https:\/\/www.bollnasbatklubb.se\/wp-content\/uploads\/2018\/08\/IMG_20180511_131138-1024x768.jpg 1024w, https:\/\/www.bollnasbatklubb.se\/wp-content\/uploads\/2018\/08\/IMG_20180511_131138-300x225.jpg 300w, https:\/\/www.bollnasbatklubb.se\/wp-content\/uploads\/2018\/08\/IMG_20180511_131138-768x576.jpg 768w, https:\/\/www.bollnasbatklubb.se\/wp-content\/uploads\/2018\/08\/IMG_20180511_131138-900x675.jpg 900w, https:\/\/www.bollnasbatklubb.se\/wp-content\/uploads\/2018\/08\/IMG_20180511_131138-1280x960.jpg 1280w\" sizes=\"auto, (max-width: 640px) 100vw, 640px\" \/><\/a> <a href=\"http:\/\/www.bollnasbatklubb.se\/wp-content\/uploads\/2018\/08\/IMG_20180511_131150.jpg\"><img loading=\"lazy\" decoding=\"async\" class=\"alignnone size-large wp-image-1173\" src=\"http:\/\/www.bollnasbatklubb.se\/wp-content\/uploads\/2018\/08\/IMG_20180511_131150-1024x768.jpg\" alt=\"\" width=\"640\" height=\"480\" srcset=\"https:\/\/www.bollnasbatklubb.se\/wp-content\/uploads\/2018\/08\/IMG_20180511_131150-1024x768.jpg 1024w, https:\/\/www.bollnasbatklubb.se\/wp-content\/uploads\/2018\/08\/IMG_20180511_131150-300x225.jpg 300w, https:\/\/www.bollnasbatklubb.se\/wp-content\/uploads\/2018\/08\/IMG_20180511_131150-768x576.jpg 768w, https:\/\/www.bollnasbatklubb.se\/wp-content\/uploads\/2018\/08\/IMG_20180511_131150-900x675.jpg 900w, https:\/\/www.bollnasbatklubb.se\/wp-content\/uploads\/2018\/08\/IMG_20180511_131150-1280x960.jpg 1280w\" sizes=\"auto, (max-width: 640px) 100vw, 640px\" \/><\/a> <a href=\"http:\/\/www.bollnasbatklubb.se\/wp-content\/uploads\/2018\/08\/IMG_20180511_131303.jpg\"><img loading=\"lazy\" decoding=\"async\" class=\"alignnone size-large wp-image-1174\" src=\"http:\/\/www.bollnasbatklubb.se\/wp-content\/uploads\/2018\/08\/IMG_20180511_131303-1024x768.jpg\" alt=\"\" width=\"640\" height=\"480\" srcset=\"https:\/\/www.bollnasbatklubb.se\/wp-content\/uploads\/2018\/08\/IMG_20180511_131303-1024x768.jpg 1024w, https:\/\/www.bollnasbatklubb.se\/wp-content\/uploads\/2018\/08\/IMG_20180511_131303-300x225.jpg 300w, https:\/\/www.bollnasbatklubb.se\/wp-content\/uploads\/2018\/08\/IMG_20180511_131303-768x576.jpg 768w, https:\/\/www.bollnasbatklubb.se\/wp-content\/uploads\/2018\/08\/IMG_20180511_131303-900x675.jpg 900w, https:\/\/www.bollnasbatklubb.se\/wp-content\/uploads\/2018\/08\/IMG_20180511_131303-1280x960.jpg 1280w\" sizes=\"auto, (max-width: 640px) 100vw, 640px\" \/><\/a> <a href=\"http:\/\/www.bollnasbatklubb.se\/wp-content\/uploads\/2018\/08\/IMG_20180511_131359.jpg\"><img loading=\"lazy\" decoding=\"async\" class=\"alignnone size-large wp-image-1175\" src=\"http:\/\/www.bollnasbatklubb.se\/wp-content\/uploads\/2018\/08\/IMG_20180511_131359-1024x768.jpg\" alt=\"\" width=\"640\" height=\"480\" srcset=\"https:\/\/www.bollnasbatklubb.se\/wp-content\/uploads\/2018\/08\/IMG_20180511_131359-1024x768.jpg 1024w, https:\/\/www.bollnasbatklubb.se\/wp-content\/uploads\/2018\/08\/IMG_20180511_131359-300x225.jpg 300w, https:\/\/www.bollnasbatklubb.se\/wp-content\/uploads\/2018\/08\/IMG_20180511_131359-768x576.jpg 768w, https:\/\/www.bollnasbatklubb.se\/wp-content\/uploads\/2018\/08\/IMG_20180511_131359-900x675.jpg 900w, https:\/\/www.bollnasbatklubb.se\/wp-content\/uploads\/2018\/08\/IMG_20180511_131359-1280x960.jpg 1280w\" sizes=\"auto, (max-width: 640px) 100vw, 640px\" \/><\/a> <a href=\"http:\/\/www.bollnasbatklubb.se\/wp-content\/uploads\/2018\/08\/IMG_20180511_133750.jpg\"><img loading=\"lazy\" decoding=\"async\" class=\"alignnone size-large wp-image-1176\" src=\"http:\/\/www.bollnasbatklubb.se\/wp-content\/uploads\/2018\/08\/IMG_20180511_133750-1024x768.jpg\" alt=\"\" width=\"640\" height=\"480\" srcset=\"https:\/\/www.bollnasbatklubb.se\/wp-content\/uploads\/2018\/08\/IMG_20180511_133750-1024x768.jpg 1024w, https:\/\/www.bollnasbatklubb.se\/wp-content\/uploads\/2018\/08\/IMG_20180511_133750-300x225.jpg 300w, https:\/\/www.bollnasbatklubb.se\/wp-content\/uploads\/2018\/08\/IMG_20180511_133750-768x576.jpg 768w, https:\/\/www.bollnasbatklubb.se\/wp-content\/uploads\/2018\/08\/IMG_20180511_133750-900x675.jpg 900w, https:\/\/www.bollnasbatklubb.se\/wp-content\/uploads\/2018\/08\/IMG_20180511_133750-1280x960.jpg 1280w\" sizes=\"auto, (max-width: 640px) 100vw, 640px\" \/><\/a> <a href=\"http:\/\/www.bollnasbatklubb.se\/wp-content\/uploads\/2018\/08\/IMG_20180511_133901.jpg\"><img loading=\"lazy\" decoding=\"async\" class=\"alignnone size-large wp-image-1177\" src=\"http:\/\/www.bollnasbatklubb.se\/wp-content\/uploads\/2018\/08\/IMG_20180511_133901-768x1024.jpg\" alt=\"\" width=\"640\" height=\"853\" srcset=\"https:\/\/www.bollnasbatklubb.se\/wp-content\/uploads\/2018\/08\/IMG_20180511_133901-768x1024.jpg 768w, https:\/\/www.bollnasbatklubb.se\/wp-content\/uploads\/2018\/08\/IMG_20180511_133901-225x300.jpg 225w, https:\/\/www.bollnasbatklubb.se\/wp-content\/uploads\/2018\/08\/IMG_20180511_133901-900x1200.jpg 900w, https:\/\/www.bollnasbatklubb.se\/wp-content\/uploads\/2018\/08\/IMG_20180511_133901-1280x1707.jpg 1280w\" sizes=\"auto, (max-width: 640px) 100vw, 640px\" \/><\/a> <a href=\"http:\/\/www.bollnasbatklubb.se\/wp-content\/uploads\/2018\/08\/IMG_20180513_114134.jpg\"><img loading=\"lazy\" decoding=\"async\" class=\"alignnone size-large wp-image-1178\" src=\"http:\/\/www.bollnasbatklubb.se\/wp-content\/uploads\/2018\/08\/IMG_20180513_114134-1024x768.jpg\" alt=\"\" width=\"640\" height=\"480\" srcset=\"https:\/\/www.bollnasbatklubb.se\/wp-content\/uploads\/2018\/08\/IMG_20180513_114134-1024x768.jpg 1024w, https:\/\/www.bollnasbatklubb.se\/wp-content\/uploads\/2018\/08\/IMG_20180513_114134-300x225.jpg 300w, https:\/\/www.bollnasbatklubb.se\/wp-content\/uploads\/2018\/08\/IMG_20180513_114134-768x576.jpg 768w, https:\/\/www.bollnasbatklubb.se\/wp-content\/uploads\/2018\/08\/IMG_20180513_114134-900x675.jpg 900w, https:\/\/www.bollnasbatklubb.se\/wp-content\/uploads\/2018\/08\/IMG_20180513_114134-1280x960.jpg 1280w\" sizes=\"auto, (max-width: 640px) 100vw, 640px\" \/><\/a><\/p>\n","protected":false},"excerpt":{"rendered":"","protected":false},"author":2,"featured_media":0,"parent":0,"menu_order":0,"comment_status":"closed","ping_status":"closed","template":"","meta":{"footnotes":""},"class_list":["post-1149","page","type-page","status-publish","hentry"],"_links":{"self":[{"href":"https:\/\/www.bollnasbatklubb.se\/index.php?rest_route=\/wp\/v2\/pages\/1149","targetHints":{"allow":["GET"]}}],"collection":[{"href":"https:\/\/www.bollnasbatklubb.se\/index.php?rest_route=\/wp\/v2\/pages"}],"about":[{"href":"https:\/\/www.bollnasbatklubb.se\/index.php?rest_route=\/wp\/v2\/types\/page"}],"author":[{"embeddable":true,"href":"https:\/\/www.bollnasbatklubb.se\/index.php?rest_route=\/wp\/v2\/users\/2"}],"replies":[{"embeddable":true,"href":"https:\/\/www.bollnasbatklubb.se\/index.php?rest_route=%2Fwp%2Fv2%2Fcomments&post=1149"}],"version-history":[{"count":1,"href":"https:\/\/www.bollnasbatklubb.se\/index.php?rest_route=\/wp\/v2\/pages\/1149\/revisions"}],"predecessor-version":[{"id":1180,"href":"https:\/\/www.bollnasbatklubb.se\/index.php?rest_route=\/wp\/v2\/pages\/1149\/revisions\/1180"}],"wp:attachment":[{"href":"https:\/\/www.bollnasbatklubb.se\/index.php?rest_route=%2Fwp%2Fv2%2Fmedia&parent=1149"}],"curies":[{"name":"wp","href":"https:\/\/api.w.org\/{rel}","templated":true}]}}