{"id":325,"date":"2017-05-17T23:42:59","date_gmt":"2017-05-17T21:42:59","guid":{"rendered":"http:\/\/www.bollnasbatklubb.se\/?page_id=325"},"modified":"2023-10-13T00:02:55","modified_gmt":"2023-10-12T22:02:55","slug":"protokollstadgar","status":"publish","type":"page","link":"https:\/\/www.bollnasbatklubb.se\/?page_id=325","title":{"rendered":"Protokoll &#038; stadgar,pdf, mm."},"content":{"rendered":"<p>Info: Kurs Rorsmansm\u00e4rket\u00a0 <span style=\"color: #ff0000;\">2022 <span style=\"color: #3366ff;\"><a href=\"http:\/\/www.bollnasbatklubb.se\/wp-content\/uploads\/2022\/04\/INFO-rorsmansm\u00e4rket-hemsidan-2022.pdf\">PDF<\/a><\/span><\/span><\/p>\n<p>Info: Kurs Sj\u00f6kunskap <span style=\"color: #ff0000;\">2022\u00a0<span style=\"color: #3366ff;\"> <a href=\"http:\/\/www.bollnasbatklubb.se\/wp-content\/uploads\/2022\/04\/BBK-info-Sj\u00f6kunskap-2022.pdf\">PDF<\/a><\/span><\/span><\/p>\n<p>Kurs Rorsmansm\u00e4rket\u00a0 <span style=\"color: #ff0000;\"><span style=\"color: #000000;\">29\/8<\/span>\u00a0 2021<\/span> \u00a0<a href=\"http:\/\/www.bollnasbatklubb.se\/wp-content\/uploads\/2021\/08\/rorsmansmarket-2021-signed.pdf\">PDF<\/a><\/p>\n<p>Lyskv\u00e4ll 28\/8\u00a0 \u00a0 \u00a0 \u00a0 <span style=\"color: #ff0000;\">2021\u00a0 \u00a0 \u00a0 \u00a0 \u00a0 <a href=\"http:\/\/www.bollnasbatklubb.se\/wp-content\/uploads\/2021\/08\/lyskvall-28-aug.-2021.pdf\">PDF<\/a><br \/>\n<\/span><br \/>\n<strong>BBK Stadgar<\/strong> <span style=\"color: #ff0000;\">(reviderade 2021<\/span>)\u00a0 <a href=\"http:\/\/www.bollnasbatklubb.se\/wp-content\/uploads\/2021\/08\/BBK-stadgar-reviderade-2021-05-20.doc\">Dokument<\/a><\/p>\n<p>BBK stadgebilaga <span style=\"color: #ff0000;\">2021\u00a0<\/span> \u00a0 \u00a0<span style=\"color: #3366ff;\"><a style=\"color: #3366ff;\" href=\"http:\/\/www.bollnasbatklubb.se\/wp-content\/uploads\/2021\/07\/BBK-stadgebilaga-2021.pdf\">PDF<\/a><\/span><\/p>\n<p>\u00c5rsm\u00f6tesprotokoll 20\/5 <span style=\"color: #ff0000;\">2021<\/span> <span style=\"color: #3366ff;\"><a style=\"color: #3366ff;\" href=\"http:\/\/www.bollnasbatklubb.se\/wp-content\/uploads\/2021\/07\/BBK-\u00c5rsm\u00f6tesprotokoll-2021.pdf\">PDF<\/a><\/span><\/p>\n<p>kurs i F\u00f6rarintyg f\u00f6r fritidsb\u00e5t\u00a0 <span style=\"color: #ff0000;\">2021<\/span>\u00a0 \u00a0\u00a0 <a href=\"http:\/\/www.bollnasbatklubb.se\/wp-content\/uploads\/2021\/03\/F\u00f6rarintyg-f\u00f6r-fritidsb\u00e5t-kurs-2021.pdf\">PDF<\/a><\/p>\n<p>Klubbens avfallshanteringsplan\u00a0\u00a0<a href=\"http:\/\/www.bollnasbatklubb.se\/wp-content\/uploads\/2020\/11\/avfallsplan-med-forklaring.pdf\">PDF<\/a><\/p>\n<p><span style=\"color: #000000;\">\u00a0 \u00a0<\/span><\/p>\n","protected":false},"excerpt":{"rendered":"<p>Info: Kurs Rorsmansm\u00e4rket\u00a0 2022 PDF Info: Kurs Sj\u00f6kunskap 2022\u00a0 PDF Kurs Rorsmansm\u00e4rket\u00a0 29\/8\u00a0 2021 \u00a0PDF Lyskv\u00e4ll 28\/8\u00a0 \u00a0 \u00a0 \u00a0 2021\u00a0 \u00a0 \u00a0 \u00a0 \u00a0 PDF BBK Stadgar (reviderade 2021)\u00a0 Dokument BBK stadgebilaga 2021\u00a0 \u00a0 \u00a0PDF \u00c5rsm\u00f6tesprotokoll 20\/5 2021 PDF kurs i F\u00f6rarintyg f\u00f6r fritidsb\u00e5t\u00a0 2021\u00a0 \u00a0\u00a0 PDF Klubbens avfallshanteringsplan\u00a0\u00a0PDF \u00a0 \u00a0<\/p>\n","protected":false},"author":2,"featured_media":0,"parent":0,"menu_order":0,"comment_status":"closed","ping_status":"closed","template":"","meta":{"footnotes":""},"class_list":["post-325","page","type-page","status-publish","hentry"],"_links":{"self":[{"href":"https:\/\/www.bollnasbatklubb.se\/index.php?rest_route=\/wp\/v2\/pages\/325","targetHints":{"allow":["GET"]}}],"collection":[{"href":"https:\/\/www.bollnasbatklubb.se\/index.php?rest_route=\/wp\/v2\/pages"}],"about":[{"href":"https:\/\/www.bollnasbatklubb.se\/index.php?rest_route=\/wp\/v2\/types\/page"}],"author":[{"embeddable":true,"href":"https:\/\/www.bollnasbatklubb.se\/index.php?rest_route=\/wp\/v2\/users\/2"}],"replies":[{"embeddable":true,"href":"https:\/\/www.bollnasbatklubb.se\/index.php?rest_route=%2Fwp%2Fv2%2Fcomments&post=325"}],"version-history":[{"count":115,"href":"https:\/\/www.bollnasbatklubb.se\/index.php?rest_route=\/wp\/v2\/pages\/325\/revisions"}],"predecessor-version":[{"id":2175,"href":"https:\/\/www.bollnasbatklubb.se\/index.php?rest_route=\/wp\/v2\/pages\/325\/revisions\/2175"}],"wp:attachment":[{"href":"https:\/\/www.bollnasbatklubb.se\/index.php?rest_route=%2Fwp%2Fv2%2Fmedia&parent=325"}],"curies":[{"name":"wp","href":"https:\/\/api.w.org\/{rel}","templated":true}]}}