{"id":55,"date":"2017-05-02T14:10:01","date_gmt":"2017-05-02T12:10:01","guid":{"rendered":"http:\/\/ny.bollnasbatklubb.se\/?page_id=55"},"modified":"2026-04-21T20:03:07","modified_gmt":"2026-04-21T18:03:07","slug":"hamnen","status":"publish","type":"page","link":"https:\/\/www.bollnasbatklubb.se\/?page_id=55","title":{"rendered":"Hamnen"},"content":{"rendered":"<p>Vid behov av b\u00e5tplats finns ans\u00f6kningsblankett under sidan &#8221;Kontakt&#8221; eller andra fr\u00e5gor som g\u00e4ller hamnen kontakta Tommy Jonsson 076-0298277 \u00a0Mail: karltommys@hotmail.com. Kontaktuppgifter till \u00f6vriga i styrelsen finns under rubriken &#8221;KONTAKT&#8221;.<\/p>\n<p><strong><span style=\"font-family: 'Calibri',sans-serif;\">Hyresvillkor, Priser<\/span><\/strong><\/p>\n<p>&#8211; Intr\u00e4desavgift f\u00f6r bryggplats f\u00f6rsta \u00e5ret \u00e4r 1000:- (G\u00e4ller endast ny medlem)<\/p>\n<p>&#8211; Medlemskap 300 kr\/\u00e5r<\/p>\n<p>&#8211; Familjemedlemsskap 50:-<\/p>\n<p>&#8211;\u00a0 Hyra av bryggplats: 1100 kr\/\u00e5r<br \/>&#8211; Total f\u00f6rsta \u00e5ret: 2400 kr inkl. bryggplats avgift<\/p>\n<p>\u00c5rsavgift f\u00f6r medlem med bryggplats : 1400 kr.<\/p>\n<p>\u00c5rsavgift f\u00f6r medlem utan bryggplats: 300 kr.<\/p>\n<p>\u00c5rsavgift f\u00f6r familjemedlem: 50:-<\/p>\n<p>Vid l\u00e5n av bryggplats under max 1 \u00e5r betalar du 300 kr f\u00f6r medlemskap i klubben samt 1100 kr i \u00e5rshyra f\u00f6r bryggplatsen. All utl\u00e5ning ska ovillkorligen g\u00e5 genom styrelsen.<\/p>\n<p>\u2013 \u00c5rsavgift f\u00f6r l\u00e5n av bryggplats f\u00f6r medlem 1100 kr.<\/p>\n<p><strong><span style=\"font-family: 'Calibri',sans-serif;\">Priserna g\u00e4ller f\u00f6r<br \/><\/span><\/strong><\/p>\n<p>Styresen BBK<\/p>\n<p><strong>OBS!<\/strong> B\u00e5t i hamnen m\u00e5ste vara f\u00f6rs\u00e4krad!!! Om inte, kan du drabbas av mycket stora ekonomiska konsekvenser i h\u00e4ndelse av brand etc.<\/p>\n\n\n<p><\/p>\n","protected":false},"excerpt":{"rendered":"<p>Vid behov av b\u00e5tplats finns ans\u00f6kningsblankett under sidan &#8221;Kontakt&#8221; eller andra fr\u00e5gor som g\u00e4ller hamnen kontakta Tommy Jonsson 076-0298277 \u00a0Mail: karltommys@hotmail.com. Kontaktuppgifter till \u00f6vriga i styrelsen finns under rubriken &#8221;KONTAKT&#8221;. Hyresvillkor, Priser &#8211; Intr\u00e4desavgift f\u00f6r bryggplats f\u00f6rsta \u00e5ret \u00e4r 1000:- (G\u00e4ller endast ny medlem) &#8211; Medlemskap 300 kr\/\u00e5r &#8211; Familjemedlemsskap 50:- &#8211;\u00a0 Hyra av bryggplats: &hellip; <\/p>\n<p><a href=\"https:\/\/www.bollnasbatklubb.se\/?page_id=55\" class=\"more-link\">Forts\u00e4tt l\u00e4sa <span class=\"screen-reader-text\">Hamnen<\/span><\/a><\/p>\n","protected":false},"author":2,"featured_media":0,"parent":0,"menu_order":0,"comment_status":"closed","ping_status":"closed","template":"","meta":{"footnotes":""},"class_list":["post-55","page","type-page","status-publish","hentry"],"_links":{"self":[{"href":"https:\/\/www.bollnasbatklubb.se\/index.php?rest_route=\/wp\/v2\/pages\/55","targetHints":{"allow":["GET"]}}],"collection":[{"href":"https:\/\/www.bollnasbatklubb.se\/index.php?rest_route=\/wp\/v2\/pages"}],"about":[{"href":"https:\/\/www.bollnasbatklubb.se\/index.php?rest_route=\/wp\/v2\/types\/page"}],"author":[{"embeddable":true,"href":"https:\/\/www.bollnasbatklubb.se\/index.php?rest_route=\/wp\/v2\/users\/2"}],"replies":[{"embeddable":true,"href":"https:\/\/www.bollnasbatklubb.se\/index.php?rest_route=%2Fwp%2Fv2%2Fcomments&post=55"}],"version-history":[{"count":16,"href":"https:\/\/www.bollnasbatklubb.se\/index.php?rest_route=\/wp\/v2\/pages\/55\/revisions"}],"predecessor-version":[{"id":2306,"href":"https:\/\/www.bollnasbatklubb.se\/index.php?rest_route=\/wp\/v2\/pages\/55\/revisions\/2306"}],"wp:attachment":[{"href":"https:\/\/www.bollnasbatklubb.se\/index.php?rest_route=%2Fwp%2Fv2%2Fmedia&parent=55"}],"curies":[{"name":"wp","href":"https:\/\/api.w.org\/{rel}","templated":true}]}}