{"id":56,"date":"2017-05-02T14:10:01","date_gmt":"2017-05-02T12:10:01","guid":{"rendered":"http:\/\/ny.bollnasbatklubb.se\/?page_id=56"},"modified":"2017-07-03T21:01:21","modified_gmt":"2017-07-03T19:01:21","slug":"rison","status":"publish","type":"page","link":"https:\/\/www.bollnasbatklubb.se\/?page_id=56","title":{"rendered":"Ris\u00f6n"},"content":{"rendered":"<h4 align=\"center\"><a href=\"http:\/\/www.helahalsingland.se\/bygga-o-bo\/paradis-pa-batklubbens-o\" target=\"_blank\" rel=\"noopener noreferrer\"><strong>Reportage om Ris\u00f6n fr\u00e5n Hela H\u00e4lsingland 6 juni 2009<\/strong><\/a><\/h4>\n<p style=\"text-align: center;\"><span style=\"color: #3366ff;\">Om Ris\u00f6n<\/span><\/p>\n<p>N\u00e5gra i klubben hade, p\u00e5 v\u00e5ren 2000, till styrelsen framf\u00f6rt \u00f6nskem\u00e5l om ett st\u00e4lle i sj\u00f6n Varpen som kunde bli ett utflyktsm\u00e5l f\u00f6r b\u00e5t\u00e4garna. Ett st\u00e4lle d\u00e4r man kunde bada, grilla eller att bara tr\u00e4ffas och ha trevligt tillsammans.<\/p>\n<p>Undertecknad, Lars Engelbrektsson, d\u00e5 nyvald kass\u00f6r i klubben engagerade mig i saken och b\u00f6rjade rekognosera runt sj\u00f6n. P\u00e5 sommaren \u00e5r 2000 kontaktade jag Tupp-Bengt Perzon som \u00e4gde en, sedan m\u00e5nga \u00e5r obebodd stuga, p\u00e5 Klubb\u00f6n. Bengt kunde t\u00e4nka sig s\u00e4lja stugan s\u00e5vida inte hans son Tomas Perzon hade andra tankar. Det visade sig senare att Tomas ville beh\u00e5lla stugan.<\/p>\n<p>Jag forskade vidare och fann Ris\u00f6n med en liten l\u00e4mplig stuga f\u00f6r \u00e4ndam\u00e5let. Den \u00e4gdes d\u00e5 av en person i Uppsala. Efter idogt s\u00f6kande och m\u00e5nga tel.samtal fick jag kontakt med \u00e4garen \u00c5ke Ljung. Han var positiv till tanken att s\u00e4lja \u00f6n till klubben, Samtalen ledde fram till ett positivt svar att f\u00f6rv\u00e4rva Ris\u00f6n, Stocks\u00e4tter 2:77. Fastigheten \u00e4r 60 x 80 mtr, 4800 kvm varav \u00f6n upptar 1550 kvm.<\/p>\n<p>Den 30 augusti 2001 tilltr\u00e4ddes Ris\u00f6n av Bolln\u00e4s B\u00e5tklubb och efter rej\u00e4l r\u00f6jning av buskar och sly, omm\u00e5lning av stugan, nytt tak, komplettering med bryggor, sittplatser, grill, flaggst\u00e5ng, varmt och kallt vatten vid diskb\u00e4nken m.m. \u00e4r \u00f6n idag en riktig h\u00f6jdare f\u00f6r alla medlemmar i klubben.<\/p>\n<p>Lars Engelbrektsson<\/p>\n","protected":false},"excerpt":{"rendered":"<p>Reportage om Ris\u00f6n fr\u00e5n Hela H\u00e4lsingland 6 juni 2009 Om Ris\u00f6n N\u00e5gra i klubben hade, p\u00e5 v\u00e5ren 2000, till styrelsen framf\u00f6rt \u00f6nskem\u00e5l om ett st\u00e4lle i sj\u00f6n Varpen som kunde bli ett utflyktsm\u00e5l f\u00f6r b\u00e5t\u00e4garna. Ett st\u00e4lle d\u00e4r man kunde bada, grilla eller att bara tr\u00e4ffas och ha trevligt tillsammans. Undertecknad, Lars Engelbrektsson, d\u00e5 nyvald &hellip; <\/p>\n<p><a href=\"https:\/\/www.bollnasbatklubb.se\/?page_id=56\" class=\"more-link\">Forts\u00e4tt l\u00e4sa <span class=\"screen-reader-text\">Ris\u00f6n<\/span><\/a><\/p>\n","protected":false},"author":2,"featured_media":0,"parent":0,"menu_order":0,"comment_status":"closed","ping_status":"closed","template":"","meta":{"footnotes":""},"class_list":["post-56","page","type-page","status-publish","hentry"],"_links":{"self":[{"href":"https:\/\/www.bollnasbatklubb.se\/index.php?rest_route=\/wp\/v2\/pages\/56","targetHints":{"allow":["GET"]}}],"collection":[{"href":"https:\/\/www.bollnasbatklubb.se\/index.php?rest_route=\/wp\/v2\/pages"}],"about":[{"href":"https:\/\/www.bollnasbatklubb.se\/index.php?rest_route=\/wp\/v2\/types\/page"}],"author":[{"embeddable":true,"href":"https:\/\/www.bollnasbatklubb.se\/index.php?rest_route=\/wp\/v2\/users\/2"}],"replies":[{"embeddable":true,"href":"https:\/\/www.bollnasbatklubb.se\/index.php?rest_route=%2Fwp%2Fv2%2Fcomments&post=56"}],"version-history":[{"count":7,"href":"https:\/\/www.bollnasbatklubb.se\/index.php?rest_route=\/wp\/v2\/pages\/56\/revisions"}],"predecessor-version":[{"id":589,"href":"https:\/\/www.bollnasbatklubb.se\/index.php?rest_route=\/wp\/v2\/pages\/56\/revisions\/589"}],"wp:attachment":[{"href":"https:\/\/www.bollnasbatklubb.se\/index.php?rest_route=%2Fwp%2Fv2%2Fmedia&parent=56"}],"curies":[{"name":"wp","href":"https:\/\/api.w.org\/{rel}","templated":true}]}}