{"id":57,"date":"2017-05-02T14:10:02","date_gmt":"2017-05-02T12:10:02","guid":{"rendered":"http:\/\/ny.bollnasbatklubb.se\/?page_id=57"},"modified":"2019-06-29T00:28:28","modified_gmt":"2019-06-28T22:28:28","slug":"varpen","status":"publish","type":"page","link":"https:\/\/www.bollnasbatklubb.se\/?page_id=57","title":{"rendered":"Sj\u00f6n Varpen"},"content":{"rendered":"<p><strong><span style=\"color: #0066cc;\">Sj\u00f6m\u00e4rkning<\/span><\/strong><br \/>\nSj\u00f6m\u00e4rkning som utf\u00f6rs av B\u00e5tklubben \u00e4r gjord med 3 bojar vid &#8221;Storjonas&#8221; 2 st. r\u00f6da + 1 vit. \u00a0 \u00a0\u00a0 3 bojar vid &#8221;Lilljonas&#8221;\u00a0 r\u00f6da, och 1 boj vid &#8221;L\u00e5ngn\u00e4sudden&#8221;.<\/p>\n<p>1 r\u00f6d boj utanf\u00f6r H\u00e4ggesta n\u00e4set + 1 r\u00f6d boj utanf\u00f6r voxnans utlopp. 1 r\u00f6d boj utanf\u00f6r Varpn\u00e4s udde.<\/p>\n<p>Bojarna \u00e4r r\u00f6da och placerade p\u00e5 grundet.<\/p>\n<p>\/Styrelsen genom Krister Modd<\/p>\n<p>L\u00e4nk till Google Maps d\u00e4r bojarna finns utm\u00e4rkta<\/p>\n<p>med kordinater!\u00a0 \u00a0<a href=\"https:\/\/goo.gl\/maps\/CtSkx1wJRVp\">Klicka h\u00e4r!<\/a><br \/>\n<a href=\"http:\/\/www.bollnasbatklubb.se\/wp-content\/uploads\/2017\/05\/varpen_nedre_delen.tif\"><img decoding=\"async\" class=\"alignnone size-full wp-image-360\" src=\"http:\/\/www.bollnasbatklubb.se\/wp-content\/uploads\/2017\/05\/varpen_nedre_delen.tif\" alt=\"\" \/><\/a><\/p>\n<div align=\"center\">\n<p><strong><span style=\"color: #0066cc;\">Historia<\/span><\/strong><\/p>\n<p align=\"left\">Sj\u00f6n Varpen \u00e4r en mycket gammal sj\u00f6. Den \u00e4r fylld med vanligt vatten och p\u00e5 v\u00e5rarna fyllnar den ibland till ordentligt. Vissa \u00e5r \u00e4r den rej\u00e4lt full, vanligtvis p\u00e5 f\u00f6rsommaren, men det r\u00e4ttar till sig efter n\u00e5gra veckor. Sj\u00f6n inneh\u00e5ller \u00e4ven fisk s\u00e5som g\u00e4dda, abborre, \u00f6ring och vanlig blankfisk samt g\u00f6s.<\/p>\n<p>En gammal s\u00e4gen h\u00e4vdar att det finns n\u00e5gon form av sj\u00f6odjur i Varpen<\/p>\n<p>En tidig julimorgon 1959 var bolln\u00e4sbon Erik Andersson ute p\u00e5 sj\u00f6n och vittjade sina n\u00e4t. Med sig hade han sin hund, en taxtik som hette Helga. Dom befann sig ca 300 m fr\u00e5n Storjonasgrundet i riktning mot L\u00e5ngn\u00e4sudden Sj\u00f6n l\u00e5g spegelblank som den brukar g\u00f6ra tidiga sommarmorgnar.<\/p>\n<p>Pl\u00f6stligt b\u00f6rjade vattenytan bli v\u00e5gig p\u00e5 en plats ca 62m fr\u00e5n b\u00e5ten. Helga blev orolig och b\u00f6rjade sk\u00e4lla. Ett huvud liknande ett p\u00e5 en j\u00e4ttestor orm visade sig och samm mycket hastigt mot b\u00e5ten och kolliderade med s\u00e5 v\u00e5ldsam kraft s\u00e5 att den b\u00f6rjade ta in vatten. Snabbt f\u00f6rsvann den mystiska varelsen. Erik o Helga var chockade men lyckades men f\u00f6renade krafter ta sig iland efter att han tagit upp sina n\u00e4t som var s\u00f6nderivna och ingen fisk fanns d\u00e4r.<\/p>\n<p>Efter detta v\u00e5gade Erik o Helga sig aldrig mer ut p\u00e5 sj\u00f6n. Sedan dess har ingen observerat sj\u00f6odjuret igen och Erik och Helga \u00e4ro d\u00f6da nu. Helga avled 6 m\u00e5nader f\u00f6re Erik. Frid \u00f6ver deras minne.<\/p>\n<p>Enligt overifierade uppgifer intr\u00e4ffade en liknande h\u00e4ndelse, faktiskt p\u00e5 n\u00e4stan samma plats, en tidig julimorgon 1876 och om det var en hund med i b\u00e5ten f\u00f6rt\u00e4ljer inte historien men enligt overifierade uppgifter fanns en liten skeppsr\u00e5tta i \u00f6skaret under sittbr\u00e4dan i aktern.<\/p>\n<p>B\u00e5tklubben har i sitt ursprung tidigare s\u00f6kt personen ifr\u00e5ga, som om han \u00e4nnu levt varit minst 150 \u00e5r, \u00e4r med best\u00e4mdhet sedan l\u00e4nge saligen d\u00f6d. Frid ocks\u00e5 \u00f6ver hans, kanske hundens och den bekr\u00e4ftade lilla r\u00e5ttans minne.<\/p>\n<p>Skulle n\u00e5gon, trots absoluta h\u00e4danf\u00e4rder, g\u00f6ra en iaktagelse som bringar reda i ovan sagda iakttagelser, s\u00e5 \u00e4r vi i b\u00e5tklubben tacksamma om ni underr\u00e4ttar oss.<\/p>\n<\/div>\n","protected":false},"excerpt":{"rendered":"<p>Sj\u00f6m\u00e4rkning Sj\u00f6m\u00e4rkning som utf\u00f6rs av B\u00e5tklubben \u00e4r gjord med 3 bojar vid &#8221;Storjonas&#8221; 2 st. r\u00f6da + 1 vit. \u00a0 \u00a0\u00a0 3 bojar vid &#8221;Lilljonas&#8221;\u00a0 r\u00f6da, och 1 boj vid &#8221;L\u00e5ngn\u00e4sudden&#8221;. 1 r\u00f6d boj utanf\u00f6r H\u00e4ggesta n\u00e4set + 1 r\u00f6d boj utanf\u00f6r voxnans utlopp. 1 r\u00f6d boj utanf\u00f6r Varpn\u00e4s udde. Bojarna \u00e4r r\u00f6da och placerade &hellip; <\/p>\n<p><a href=\"https:\/\/www.bollnasbatklubb.se\/?page_id=57\" class=\"more-link\">Forts\u00e4tt l\u00e4sa <span class=\"screen-reader-text\">Sj\u00f6n Varpen<\/span><\/a><\/p>\n","protected":false},"author":2,"featured_media":0,"parent":0,"menu_order":0,"comment_status":"closed","ping_status":"closed","template":"","meta":{"footnotes":""},"class_list":["post-57","page","type-page","status-publish","hentry"],"_links":{"self":[{"href":"https:\/\/www.bollnasbatklubb.se\/index.php?rest_route=\/wp\/v2\/pages\/57","targetHints":{"allow":["GET"]}}],"collection":[{"href":"https:\/\/www.bollnasbatklubb.se\/index.php?rest_route=\/wp\/v2\/pages"}],"about":[{"href":"https:\/\/www.bollnasbatklubb.se\/index.php?rest_route=\/wp\/v2\/types\/page"}],"author":[{"embeddable":true,"href":"https:\/\/www.bollnasbatklubb.se\/index.php?rest_route=\/wp\/v2\/users\/2"}],"replies":[{"embeddable":true,"href":"https:\/\/www.bollnasbatklubb.se\/index.php?rest_route=%2Fwp%2Fv2%2Fcomments&post=57"}],"version-history":[{"count":13,"href":"https:\/\/www.bollnasbatklubb.se\/index.php?rest_route=\/wp\/v2\/pages\/57\/revisions"}],"predecessor-version":[{"id":1490,"href":"https:\/\/www.bollnasbatklubb.se\/index.php?rest_route=\/wp\/v2\/pages\/57\/revisions\/1490"}],"wp:attachment":[{"href":"https:\/\/www.bollnasbatklubb.se\/index.php?rest_route=%2Fwp%2Fv2%2Fmedia&parent=57"}],"curies":[{"name":"wp","href":"https:\/\/api.w.org\/{rel}","templated":true}]}}