{"id":59,"date":"2017-05-02T14:10:02","date_gmt":"2017-05-02T12:10:02","guid":{"rendered":"http:\/\/ny.bollnasbatklubb.se\/?page_id=59"},"modified":"2024-01-10T12:16:56","modified_gmt":"2024-01-10T11:16:56","slug":"lankar","status":"publish","type":"page","link":"https:\/\/www.bollnasbatklubb.se\/?page_id=59","title":{"rendered":"L\u00e4nkar"},"content":{"rendered":"<table style=\"height: 2450px;\" border=\"0\" width=\"588\" align=\"center\">\n<tbody>\n<tr>\n<td width=\"50%\" height=\"24\"><span style=\"color: #3366ff;\"><strong>B\u00e5t klubbar<\/strong><\/span><\/td>\n<td width=\"50%\"><strong><span style=\"color: #3366ff;\">\u00a0Blandade l\u00e4nkar<\/span><\/strong><\/td>\n<\/tr>\n<tr>\n<td height=\"639\"><a href=\"http:\/\/www.bergvikensmbs.se\/\">Bergvikens Motorb\u00e5tss\u00e4llskap<\/a><br \/>\n<a href=\"https:\/\/www.facebook.com\/dellarna\">Dellarnas b\u00e5tklubb<\/a><a href=\"http:\/\/www.ekensbergsbs.com\/\">Ekensbergs b\u00e5ts\u00e4llskap<\/a><a href=\"http:\/\/www.ebs.st\/\">En\u00e5ngers B\u00e5ts\u00e4llskap<\/a><\/p>\n<p><a href=\"http:\/\/www.hsss.se\/\">Hudiksvall Sj\u00f6sports\u00e4llskap<\/a><\/p>\n<p><a href=\"http:\/\/www.hbf.nu\/harte\/index.html\">H\u00e5rte S\u00f6dra B\u00e5tklubb<\/a><\/p>\n<p><a href=\"http:\/\/www.imk.n.nu\/\">Iggesund Motorb\u00e5tsklubb<\/a><\/p>\n<p><a href=\"http:\/\/www.jarvsobatklubb.se\/\">J\u00e4rvs\u00f6 B\u00e5tklubb<\/a><\/p>\n<p><a href=\"http:\/\/www.lamk.se\/\">Ljusne\/Ala Motorb\u00e5tsklubb<\/a><\/p>\n<p><a href=\"http:\/\/www.nbk.nu\/\">Njut\u00e5ngers B\u00e5tklubb<\/a><\/p>\n<p><a href=\"http:\/\/sandarnebatklubb.se\/\">Sandarne B\u00e5tklubb [SBK]<\/a><\/p>\n<p><a href=\"http:\/\/www.stenobatklubb.se\/\">Sten\u00f6 B\u00e5tklubb<\/a><\/p>\n<p><a href=\"http:\/\/www.sms-soderhamn.se\/\">S\u00f6derhamns Motors\u00e4llskap<\/a><\/p>\n<p><a href=\"http:\/\/www.wallviksmotorbatsklubb.se\/\">Wallviks<br \/>\nMotorb\u00e5tsklubb<\/a><\/td>\n<td><span style=\"font-size: 1em; color: #ff0000;\">Egenkontroll av fritidsb\u00e5t. Ladda ner pdf filen: <\/span><a style=\"font-size: 1em;\" href=\"https:\/\/batunionen.se\/sjosakerhet\/saker-bat\/egen-sakerhetskontroll\/\">\u00a0h\u00e4r!<\/a>K\u00f6pt i god tro? <a href=\"http:\/\/www.bollnasbatklubb.se\/wp-content\/uploads\/2019\/11\/koptigodtro.pdf\">PDF\u00a0<\/a><span style=\"display: inline !important; float: none; background-color: #ffffff; color: #191e23; cursor: text; font-family: 'Noto Serif'; font-size: 16px; font-style: normal; font-variant: normal; font-weight: 400; letter-spacing: normal; orphans: 2; text-align: left; text-decoration: none; text-indent: 0px; text-transform: none; -webkit-text-stroke-width: 0px; white-space: normal; word-spacing: 0px;\">\u00a0Ch<\/span>ecklista vid k\u00f6p &amp; f\u00f6rs\u00e4ljning av b\u00e5t <a href=\"http:\/\/www.bollnasbatklubb.se\/wp-content\/uploads\/2019\/11\/larmtjanst-polisen_checklista.pdf\">PDF<\/a>Samverkan mot b\u00e5tbrott <a href=\"http:\/\/www.bollnasbatklubb.se\/wp-content\/uploads\/2019\/11\/samverkan-mot-batbrott-2016.pdf\">PDF<\/a>G\u00f6r ditt eget b\u00e5tkort <a href=\"http:\/\/www.bollnasbatklubb.se\/wp-content\/uploads\/2019\/11\/eget-batkort.pdf\">PDF<\/a><\/p>\n<p>Klicka p\u00e5 denna l\u00e4nk s\u00e5 f\u00e5r ni upp en google karta med bojarna utm\u00e4rkta i Varpen med gps kordinater:<a href=\"https:\/\/goo.gl\/maps\/1P8zS8kaKNL2\">Bojar i Varpen<\/a><br \/>\n&amp;<br \/>\n<a href=\"https:\/\/goo.gl\/maps\/Twb1zMtrwH82\">\u00c5ngb\u00e5tens utm\u00e4rkningar i Varpen<\/a><br \/>\n<span style=\"color: #3366ff;\">17\/11 -2018<\/span><br \/>\n<a href=\"https:\/\/play.google.com\/store\/apps\/details?id=com.maprika\">Maprika. <\/a>Program f\u00f6r android telefoner &amp; l\u00e4splattor. Anv\u00e4nds f\u00f6r att l\u00e4sa sj\u00f6kort \u00f6ver Varpen.Fungerar \u00e4ven i Ipad: <a href=\"https:\/\/itunes.apple.com\/se\/app\/gps-on-ski-map-by-maprika\/id404686699?mt=8\">L\u00e4nk<\/a>G\u00f6r s\u00e5 h\u00e4r: <a href=\"http:\/\/www.bollnasbatklubb.se\/wp-content\/uploads\/2017\/05\/Maprika-installations-info..rtf\">Maprika installations info.<\/a><\/p>\n<p><a href=\"https:\/\/play.google.com\/store\/apps\/details?id=com.maprika\" target=\"_blank\" rel=\"noopener noreferrer\"><br \/>\n<\/a><a href=\"https:\/\/www.facebook.com\/groups\/1749544808644753\/\">Bolln\u00e4s B\u00e5tklubbs \u00a0Facebook sida!<\/a><br \/>\n<a href=\"https:\/\/play.google.com\/store\/apps\/details?id=com.maprika\" target=\"_blank\" rel=\"noopener noreferrer\"><br \/>\n<\/a><a href=\"http:\/\/www.batunionen.com\/\">Svenska B\u00e5tunionen (SBU)\u00a0<\/a><\/p>\n<p><a href=\"https:\/\/gavleborgsbf.se\/\">G\u00e4vleborgs B\u00e5tf\u00f6rbund<br \/>\n<\/a><a href=\"http:\/\/batmiljo.se\/\">B\u00e5tmilj\u00f6<\/a><br \/>\n<a href=\"http:\/\/www.hjertmans.se\/\">Hjertmans<\/a> B\u00e5tprylar<br \/>\n<a href=\"http:\/\/www.erlandsonsbrygga.se\/\">Erlandssons Brygga<\/a> B\u00e5tprylar<a href=\"http:\/\/www.byggplast-batprylar.se\/\"><br \/>\nB\u00e5t\u00e4garnas Webbplats<\/a> B\u00e5tprylar<br \/>\n<a href=\"http:\/\/www.watski.se\/\">Watski<\/a> B\u00e5ttillbeh\u00f6r<br \/>\n<a href=\"http:\/\/www.seasea.se\/\">SeaSea.se<\/a> B\u00e5ttillbeh\u00f6r<br \/>\n<a href=\"http:\/\/www.marinaman.se\">Marinaman\u00a0\u00a0<\/a>B\u00e5ttillbeh\u00f6r<br \/>\n<a href=\"http:\/\/www.bathuset.org\/\">B\u00c5THUSET i S\u00f6derhamn<\/a><br \/>\n<a style=\"font-family: inherit;\" href=\"http:\/\/www.maringuiden.se\/\">Maringuiden<\/a><span style=\"font-family: inherit;\">\u00a0Maringuiden<br \/>\nForum,annonser,mm<\/span><a href=\"http:\/\/www.marinetraffic.com\/en\/ais\/home\/centerx:17\/centery:61\/zoom:7\"><br \/>\nMarine traffic<\/a> Se b\u00e5tarna live via AIS<br \/>\n<a href=\"http:\/\/warpen.se\/\">SS Warpen<\/a> \u00c5ngb\u00e5ten Warpen<br \/>\n<a href=\"https:\/\/svenskasjo.se\/\">Svenska Sj\u00f6<\/a> B\u00e5tf\u00f6rs\u00e4kringar<br \/>\n<a href=\"https:\/\/www.atlantica.se\/?gds_ca=1411070832&amp;gds_ag=55858321432&amp;gds_fi=&amp;gds_t=kwd-404554955180&amp;gds_gi=&amp;gds_gp=1012659&amp;gds_n=g&amp;gds_d=c&amp;gds_c=299090799560&amp;gds_pl=&amp;gds_r=16443387941823586026&amp;gds_p=1t1&amp;cmpe=adwords:atlantica:%2Batlantic%20%2Bf%C3%B6rs%C3%A4kring&amp;gclid=Cj0KCQiArqPgBRCRARIsAPwlHoXsBCcoOktmdULMbm56pPXeRuCxapcEu19cKYUHPpusTChyNZ7ySZIaAoZ3EALw_wcB\">Atlantica<\/a> B\u00e5tf\u00f6rs\u00e4kringar<br \/>\n<a href=\"https:\/\/www.alandia.se\/?gclid=Cj0KCQiArqPgBRCRARIsAPwlHoW-vJVYXrcadsQbmWSM_10uiLcXH6XquHLvuzPaa4iF5ggcgMTEp_4aAp5pEALw_wcB\">Alandia<\/a>\u00a0 \u00a0B\u00e5tf\u00f6rs\u00e4kringar<br \/>\n<a href=\"https:\/\/www.if.se\/privat\/forsakringar\/batforsakring?gclid=Cj0KCQiArqPgBRCRARIsAPwlHoW-A6Mt0YCT5mC3CnLDZGE9S6NbK-atVspS12zKEAeFyuz0OzXKhdwaAuSDEALw_wcB&amp;gclsrc=aw.ds\">If\u00a0<\/a> \u00a0B\u00e5tf\u00f6rs\u00e4kringar<br \/>\n<a href=\"https:\/\/www.svedea.se\/batforsakring\">Svedea<\/a>\u00a0\u00a0B\u00e5tf\u00f6rs\u00e4kringar<br \/>\n<a href=\"http:\/\/www.upptackbatlivet.se\/\">Uppt\u00e4ck b\u00e5tlivet<\/a> massor av info<br \/>\n<a href=\"http:\/\/www.batliv.se\/\">B\u00e5tliv<\/a> medlemstidning f\u00f6r Svenska B\u00e5tunionen<br \/>\n<a href=\"https:\/\/m.facebook.com\/groups\/1737203949882633\">\u00a0B\u00e5tsamverkan i S\u00f6derhamn<\/a> Facebook grupp. mkt.bra<\/p>\n<p><a href=\"http:\/\/www.dagensbatliv.se\/\">DagensB\u00e5tliv.se<\/a>\u00a0mkt. info.<br \/>\n<a href=\"http:\/\/www.yachtdatabase.com\/\">yachtdatabase.com<\/a><\/p>\n<p><a href=\"http:\/\/www.yachtpaint.com\/swe\/diy\/default.aspx\">International B\u00e5tf\u00e4rger<\/a><\/p>\n<p><a href=\"https:\/\/www.klart.se\/se\/g%C3%A4vleborgs-l%C3%A4n\/v%C3%A4der-bolln%C3%A4s\/\">Klart.se<\/a> V\u00e4dret i Bolln\u00e4s<\/p>\n<p><a href=\"http:\/\/www.nfb.a.se\/\">N\u00e4mnden f\u00f6r b\u00e5tlivsutbildning, NFB<\/a><\/p>\n<p><a href=\"https:\/\/www.kurser.se\/kurs\/forarintyg\">F\u00f6rarintyg och f\u00f6rarbevis<\/a><\/p>\n<p><a href=\"http:\/\/www.berglundsbat.se\/\">Berglunds B\u00e5t<\/a>\u00a0B\u00e5tbutik i Hudiksvall<\/p>\n<p><a href=\"http:\/\/www.bollnasfvf.se\/\">Bolln\u00e4s Fiskev\u00e5rdsf\u00f6rening<\/a><\/p>\n<p>Regler f\u00f6r lanternor:\u00a0<a href=\"http:\/\/www.bollnasbatklubb.se\/wp-content\/uploads\/2017\/05\/regler_lanternor.pdf\">regler_lanternor<\/a><\/p>\n<p>Sj\u00f6trafikf\u00f6reskrifter: <a href=\"http:\/\/www.bollnasbatklubb.se\/wp-content\/uploads\/2017\/05\/sjotrafikforeskrifter.pdf\">sjotrafikforeskrifter<\/a><\/p>\n<p><a href=\"https:\/\/play.google.com\/store\/apps\/details?id=com.tinygarage.saildroid\">SailDroid<\/a> mkt. bra app f\u00f6r telefonen med kompass, fart i knop mm. Rekommenderas!<\/p>\n<p><a href=\"http:\/\/www.sjofartsverket.se\/\">Sj\u00f6fartsverket\u00a0<\/a><br \/>\n<a href=\"http:\/\/www.sjofartsverket.se\/sv\/Sjofart\/Sjokort\/Ufs---Underrattelser-for-sjofarande-\/\">Sj\u00f6fartsverket UFS<\/a><br \/>\nUppdateringar f\u00f6r sj\u00f6kort<span style=\"color: #3366ff;\">\u00a0<\/span><\/p>\n<p><a href=\"https:\/\/www.sjoraddning.se\/\">SJ\u00d6R\u00c4DDNINGS S\u00c4LLSKAPET<\/a><\/p>\n<p><a href=\"http:\/\/www.smhi.se\/vadret\/hav-och-kust\/sjorapporten#ws=wpt-a,proxy=wpt-a,area=none,lang=sv\">SMHI<\/a>\u00a0 SMHI Sj\u00f6rapport. \u00a0<span style=\"color: #3366ff;\"><br \/>\n<a href=\"http:\/\/windy.com\/\" target=\"_blank\" rel=\"noopener noreferrer\" data-saferedirecturl=\"https:\/\/www.google.com\/url?q=http:\/\/windy.com&amp;source=gmail&amp;ust=1544195457371000&amp;usg=AFQjCNH_WcPKB2GrBFlktdLYPbmSpp2sLA\">windy.com<\/a>\u00a0<\/span>V\u00e4der \u00a0<span style=\"color: #3366ff;\"><br \/>\n<a href=\"http:\/\/www.fritidsskepparen.com\/joomla\/\">Fritidsskepparen.com\u00a0<\/a><span style=\"color: #000000;\">Fritidsskepparen. \u00d6vningsfr\u00e5gor mm.\u00a0<span style=\"color: #3366ff;\"><br \/>\n<a href=\"https:\/\/play.google.com\/store\/apps\/details?id=com.mobilicos.howtotieknots\">Knopar<\/a><\/span><\/span><\/span>App f\u00f6r android d\u00e4r du l\u00e4r dig g\u00f6ra alla viktiga knopar! \u00a0\u00a0<span style=\"color: #3366ff;\"><span style=\"color: #000000;\"><span style=\"color: #3366ff;\"><br \/>\n<\/span><\/span><\/span><a href=\"https:\/\/www.navionics.com\/fin\/\">Navionics<\/a><br \/>\nLadda ner sj\u00f6kort till din l\u00e4splatta eller mobil, endast 189:- (F\u00f6r Ipad kostar den 339:-) T\u00e4cker Varpen &amp; alla sj\u00f6ar och \u00e4lvar och havet i Sverige!<br \/>\n<a href=\"https:\/\/play.google.com\/store\/apps\/details?id=it.navionics.singleAppMarineLakes\">Android<\/a>\u00a0\u00a0 l\u00e4nk<br \/>\n<a href=\"https:\/\/itunes.apple.com\/se\/app\/boating-marine-lakes\/id744920098\">Ipad<\/a><\/p>\n<p><a href=\"https:\/\/webapp.navionics.com\/#boating@9&amp;key=ceguJw%60pcB\">Navionics<\/a>\u00a0 sj\u00f6kort online (Bra)<\/p>\n<p><a href=\"http:\/\/livetombord.se\/\">Livet ombord<\/a><\/p>\n<p><a href=\"https:\/\/itunes.apple.com\/se\/app\/galileo-offline-maps-and-nav\/id321745474?mt=8\">Galileo<\/a> gps kartor f\u00f6r Iphone<\/p>\n<p><a href=\"https:\/\/play.google.com\/store\/apps\/details?id=com.bodunov.galileo&amp;hl=sv\">Galileo<\/a> gps kartor f\u00f6r Android<\/p>\n<p><span style=\"color: #000000;\">Var<\/span> fj\u00e4rde b\u00e5t\u00e4gare har ingen f\u00f6rs\u00e4kring \u00a0<span style=\"color: #ff0000;\"><a href=\"http:\/\/www.bollnasbatklubb.se\/wp-content\/uploads\/2019\/12\/Var-fjarde-batagare-har-ingen-forsakring.pdf\">PDF<\/a><\/span><\/p>\n<p><span style=\"color: #ff0000;\"><span style=\"color: #000000;\">S\u00e4kerhet ombord \u00a0 <a href=\"http:\/\/www.bollnasbatklubb.se\/wp-content\/uploads\/2019\/11\/sakerhet-ombord-utrustning.pdf\">PDF<\/a><br \/>\n<\/span><\/span><span style=\"color: #ff0000;\"><br \/>\n<\/span>\u00a0Info inf\u00f6r h\u00f6sten fr\u00e5n styrelsen <a href=\"http:\/\/www.bollnasbatklubb.se\/wp-content\/uploads\/2019\/09\/Info-infor-hosten-2019.pdf\">PDF<\/a><\/p>\n<p><span style=\"color: #00ff00;\"><span style=\"color: #0000ff;\"><span style=\"color: #000000;\">Att t\u00e4nka p\u00e5<\/span>\u00a0<span style=\"color: #000000;\">inf\u00f6r f\u00f6rt\u00f6jning vid bryggan <a href=\"http:\/\/www.bollnasbatklubb.se\/wp-content\/uploads\/2018\/05\/att-tanka-pa-vid-fortojning.pdf\">PDF<\/a><\/span><\/span><\/span><\/p>\n<p><a href=\"http:\/\/www.bollnasbatklubb.se\/wp-content\/uploads\/2017\/05\/Undvik-en-jobbig-grundstotning.doc\">Undvik en jobbig grundst\u00f6tning<\/a> (laddas ner)<\/p>\n<p><span style=\"color: #000000;\"><a href=\"http:\/\/www.bollnasbatklubb.se\/wp-content\/uploads\/2017\/05\/dna-markning.pdf\">DNA-m\u00e4rkning av b\u00e5tmotorer och annat!<\/a>\u00a0<\/span><\/p>\n<p><a href=\"http:\/\/www.bollnasbatklubb.se\/wp-content\/uploads\/2017\/05\/Ta-hand-om-dig-pa-sjon.pdf\">Ta hand om dig p\u00e5 sj\u00f6n!<\/a> Tips fr\u00e5n Svenska B\u00e5tunionen<\/td>\n<\/tr>\n<\/tbody>\n<\/table>\n","protected":false},"excerpt":{"rendered":"<p>B\u00e5t klubbar \u00a0Blandade l\u00e4nkar Bergvikens Motorb\u00e5tss\u00e4llskap Dellarnas b\u00e5tklubbEkensbergs b\u00e5ts\u00e4llskapEn\u00e5ngers B\u00e5ts\u00e4llskap Hudiksvall Sj\u00f6sports\u00e4llskap H\u00e5rte S\u00f6dra B\u00e5tklubb Iggesund Motorb\u00e5tsklubb J\u00e4rvs\u00f6 B\u00e5tklubb Ljusne\/Ala Motorb\u00e5tsklubb Njut\u00e5ngers B\u00e5tklubb Sandarne B\u00e5tklubb [SBK] Sten\u00f6 B\u00e5tklubb S\u00f6derhamns Motors\u00e4llskap Wallviks Motorb\u00e5tsklubb Egenkontroll av fritidsb\u00e5t. Ladda ner pdf filen: \u00a0h\u00e4r!K\u00f6pt i god tro? PDF\u00a0\u00a0Checklista vid k\u00f6p &amp; f\u00f6rs\u00e4ljning av b\u00e5t PDFSamverkan mot b\u00e5tbrott PDFG\u00f6r ditt &hellip; <\/p>\n<p><a href=\"https:\/\/www.bollnasbatklubb.se\/?page_id=59\" class=\"more-link\">Forts\u00e4tt l\u00e4sa <span class=\"screen-reader-text\">L\u00e4nkar<\/span><\/a><\/p>\n","protected":false},"author":2,"featured_media":0,"parent":0,"menu_order":0,"comment_status":"closed","ping_status":"closed","template":"","meta":{"footnotes":""},"class_list":["post-59","page","type-page","status-publish","hentry"],"_links":{"self":[{"href":"https:\/\/www.bollnasbatklubb.se\/index.php?rest_route=\/wp\/v2\/pages\/59","targetHints":{"allow":["GET"]}}],"collection":[{"href":"https:\/\/www.bollnasbatklubb.se\/index.php?rest_route=\/wp\/v2\/pages"}],"about":[{"href":"https:\/\/www.bollnasbatklubb.se\/index.php?rest_route=\/wp\/v2\/types\/page"}],"author":[{"embeddable":true,"href":"https:\/\/www.bollnasbatklubb.se\/index.php?rest_route=\/wp\/v2\/users\/2"}],"replies":[{"embeddable":true,"href":"https:\/\/www.bollnasbatklubb.se\/index.php?rest_route=%2Fwp%2Fv2%2Fcomments&post=59"}],"version-history":[{"count":129,"href":"https:\/\/www.bollnasbatklubb.se\/index.php?rest_route=\/wp\/v2\/pages\/59\/revisions"}],"predecessor-version":[{"id":2178,"href":"https:\/\/www.bollnasbatklubb.se\/index.php?rest_route=\/wp\/v2\/pages\/59\/revisions\/2178"}],"wp:attachment":[{"href":"https:\/\/www.bollnasbatklubb.se\/index.php?rest_route=%2Fwp%2Fv2%2Fmedia&parent=59"}],"curies":[{"name":"wp","href":"https:\/\/api.w.org\/{rel}","templated":true}]}}